{"id":2603,"date":"2020-08-19T14:41:49","date_gmt":"2020-08-19T12:41:49","guid":{"rendered":"https:\/\/www.livoni.it\/finitions\/"},"modified":"2026-04-20T16:07:32","modified_gmt":"2026-04-20T14:07:32","slug":"finitions","status":"publish","type":"page","link":"https:\/\/www.livoni.it\/fr\/finitions\/","title":{"rendered":"Finitions"},"content":{"rendered":"\n<h3 class=\"wp-block-heading\">Finitions Collection Livoni<\/h3>\n\n\n\n<h6 class=\"wp-block-heading\">Bois de h\u00eatre, fr\u00eane, ch\u00eane et noyer, naturels ou laqu\u00e9s. Les rev\u00eatements quant \u00e0 eux sont en coton, laine, cuir artificiel, velours, peau et cuir. Livoni&nbsp;propose un vaste choix de finitions standard pour la personnalisation des projets.&nbsp;Nous&nbsp;travaillons&nbsp;avec les tons du client et, pour les laques,&nbsp;proposons&nbsp;tous les coloris RAL.<\/h6>\n\n\n\n<p><\/p>\n","protected":false},"excerpt":{"rendered":"<p>Finitions Collection Livoni Bois de h\u00eatre, fr\u00eane, ch\u00eane et noyer, naturels ou laqu\u00e9s. Les rev\u00eatements quant \u00e0 eux sont en coton, laine, cuir artificiel, velours, peau et cuir. Livoni&nbsp;propose un [&hellip;]<\/p>\n","protected":false},"author":1,"featured_media":20649,"parent":0,"menu_order":0,"comment_status":"closed","ping_status":"closed","template":"","meta":{"_acf_changed":false,"footnotes":""},"class_list":["post-2603","page","type-page","status-publish","has-post-thumbnail","hentry"],"acf":[],"_links":{"self":[{"href":"https:\/\/www.livoni.it\/fr\/wp-json\/wp\/v2\/pages\/2603","targetHints":{"allow":["GET"]}}],"collection":[{"href":"https:\/\/www.livoni.it\/fr\/wp-json\/wp\/v2\/pages"}],"about":[{"href":"https:\/\/www.livoni.it\/fr\/wp-json\/wp\/v2\/types\/page"}],"author":[{"embeddable":true,"href":"https:\/\/www.livoni.it\/fr\/wp-json\/wp\/v2\/users\/1"}],"replies":[{"embeddable":true,"href":"https:\/\/www.livoni.it\/fr\/wp-json\/wp\/v2\/comments?post=2603"}],"version-history":[{"count":29,"href":"https:\/\/www.livoni.it\/fr\/wp-json\/wp\/v2\/pages\/2603\/revisions"}],"predecessor-version":[{"id":24970,"href":"https:\/\/www.livoni.it\/fr\/wp-json\/wp\/v2\/pages\/2603\/revisions\/24970"}],"wp:featuredmedia":[{"embeddable":true,"href":"https:\/\/www.livoni.it\/fr\/wp-json\/wp\/v2\/media\/20649"}],"wp:attachment":[{"href":"https:\/\/www.livoni.it\/fr\/wp-json\/wp\/v2\/media?parent=2603"}],"curies":[{"name":"wp","href":"https:\/\/api.w.org\/{rel}","templated":true}]}}